{"id":15165,"date":"2026-01-07T22:32:27","date_gmt":"2026-01-07T22:32:27","guid":{"rendered":"https:\/\/www.staging.innovational-intelligence.com\/comment\/"},"modified":"2026-02-09T19:06:26","modified_gmt":"2026-02-09T19:06:26","slug":"comment","status":"publish","type":"page","link":"https:\/\/philippeboulanger.com\/fr\/comment\/","title":{"rendered":"COMMENT"},"content":{"rendered":"\n<h2 class=\"wp-block-heading\">Comment choisir un conf\u00e9rencier ?<\/h2>\n\n<p>Commencez par la question que beaucoup d\u2019agences placent au centre : \u201cPourquoi votre audience vient-elle, et qu\u2019est-ce que vous voulez qu\u2019elle fasse\/retienne apr\u00e8s ?\u201d. Tant que ce point n\u2019est pas clair, vous risquez de choisir un nom plut\u00f4t qu\u2019un impact. <\/p>\n\n<p>Ensuite, validez l\u2019ad\u00e9quation avec des crit\u00e8res simples : exp\u00e9rience r\u00e9elle sur le sujet (pas seulement des opinions), capacit\u00e9 \u00e0 parler \u00e0 des audiences similaires, et preuves vid\u00e9o r\u00e9centes.<\/p>\n\n<p>Enfin, s\u00e9curisez l\u2019ex\u00e9cution avec un vrai briefing. Philippe Boulanger et ses agents recommandent souvent un appel de \u00ab\u00a0brief\u00a0\u00bb environ 2\u20133 semaines avant l\u2019\u00e9v\u00e9nement : assez tard pour \u00eatre pr\u00e9cis, assez t\u00f4t pour laisser le temps de pr\u00e9parer. <\/p>\n\n<p>Depuis la COVID, plus de 32.000 personnes en France se d\u00e9clarent \u00ab\u00a0conf\u00e9rencier\u00a0\u00bb sur LinkedIn. Depuis l&rsquo;arriv\u00e9e de ChatGPT, en novembre 2022, ajoutez 15.000 nouveaux experts-conf\u00e9renciers sur l&rsquo;intelligence artificielle ! Seule une fraction infime de ceux-ci sont \u00e0 la fois des experts qui maitrisent leur sujet et ont d\u00e9velopp\u00e9 le m\u00e9tier de conf\u00e9rencier.  <\/p>\n\n<p>Voici une check-list \u00e0 consid\u00e9rer :<\/p>\n\n<ul class=\"wp-block-list\">\n<li>Le conf\u00e9rencier est-il l\u00e9gitime et cr\u00e9dible ? V\u00e9rifiez son exp\u00e9rience professionnelle avant qu&rsquo;il soit devenu conf\u00e9rencier sur le sujet qui vous int\u00e9resse. Vous aurez des surprises. Philippe a toujours \u00e9t\u00e9 un innovateur, autant en tant qu&rsquo;entrepreneur que cadre dirigeant de grandes entreprises.   <\/li>\n\n\n\n<li>Le conf\u00e9rencier est-il professionnel ? L&rsquo;appartenance \u00e0 une association comme l&rsquo;AFCP (l&rsquo;Association Fran\u00e7aise des Conf\u00e9renciers Professionnels) est une premi\u00e8re indication. Philippe a m\u00eame \u00e9t\u00e9 le pr\u00e9sident de 2020 \u00e0 2022 de cette association, il est membre de l&rsquo;association \u00e9quivalent aux USA, la NSA (National Speakers Association) et il est membre du conseil d&rsquo;administration de la Global Speakers Federation qui r\u00e9unit les 17 associations mondiales de conf\u00e9renciers.  <\/li>\n\n\n\n<li>Le conf\u00e9rencier est-il repr\u00e9sent\u00e9 par des agents ? Seuls les conf\u00e9renciers vraiment confirm\u00e9s sont repr\u00e9sent\u00e9s par des agents. M\u00eame si vous trouverez Philippe chez quasiment tous les \u00ab\u00a0speakers bureaus\u00a0\u00bb ou annuaires de conf\u00e9renciers, Philippe est repr\u00e9sent\u00e9 par deux agents, Eric Blot (monde, hors USA et Canada) et Adrien Tombari pour l&rsquo;am\u00e9rique du nord (USA et Canada). Quand vous travaillez avec Philippe, il va se concentrer sur la valeur qu&rsquo;il va vous d\u00e9livrer. Ses agents vont s&rsquo;occuper de la partie administrative. Philippe et ses agents sont habitu\u00e9s \u00e0 collaborer avec les agences \u00e9v\u00e9nementielles et les les autres agences de conf\u00e9renciers et speakers bureaus.     <\/li>\n<\/ul>\n\n<h2 class=\"wp-block-heading\">Comment choisir un conf\u00e9rencier en innovation ?<\/h2>\n\n<p>Sur l\u2019innovation, l\u2019\u00e9cueil classique est de confondre inspiration et transformation. Les organisateurs attendent de plus en plus une intervention qui relie l\u2019innovation \u00e0 des m\u00e9canismes concrets : exp\u00e9rimentation, culture, d\u00e9cisions, adoption. Le syst\u00e8me <strong><em>Intelligence Innovationnelle\u00ae<\/em><\/strong> insiste pr\u00e9cis\u00e9ment sur ce point : la lib\u00e9ration de l&rsquo;innovation, l\u2019adoption de l&rsquo;IA ou de technologies exponentielle, d\u00e9pendent de l\u2019alignement, de la culture, de la clart\u00e9 de direction et de la s\u00e9curit\u00e9 psychologique, et progresse mieux via des exp\u00e9rimentations contr\u00f4l\u00e9es que via des \u201cgrands plans\u201d abstraits.  <\/p>\n\n<p>Alors, lorsque vous faites votre choix, posez-vous une question simple : avez-vous besoin d&rsquo;un discours qui \u00ab ouvre les esprits \u00bb ou d&rsquo;un discours qui cr\u00e9e les conditions propices \u00e0 l&rsquo;action (exp\u00e9riences, d\u00e9clencheurs, langage commun, plan de suivi) ? C&rsquo;est l\u00e0 que le style et la m\u00e9thode du conf\u00e9rencier deviennent d\u00e9terminants. <\/p>\n\n<p>Voici une check-list \u00e0 consid\u00e9rer, en plus de la check-list \u00ab\u00a0Comment choisir un conf\u00e9rencier\u00a0\u00bb :<\/p>\n\n<ul class=\"wp-block-list\">\n<li>Le conf\u00e9rencier a-t-il \u00e9t\u00e9 vraiment dans des op\u00e9rations d&rsquo;innovation, et pas seulement consultant ? Philippe a eu les mains dans le cambouis autant pour le compte de ses entreprises que pour de grands groupes, ce qui lui a permis de mod\u00e9liser le <strong><em>syst\u00e8me Intelligence Innovationnelle\u00ae<\/em><\/strong> et les outils pragmatiques qui l&rsquo;accompagnent. <\/li>\n\n\n\n<li>Est-ce que les interventions du conf\u00e9rencier sont innovantes ? Philippe Boulanger a choisi de rendre ses keynotes innovantes, c&rsquo;est une \u00e9vidence pour lui. Ses exp\u00e9rimentations signatures, d\u00e9velopp\u00e9es au cours du temps, permettent d&rsquo;ancrer les messages dans les cerveaux des participants. Philippe utilise autant les neurosciences que la psychologie comportementale pour des exp\u00e9rimentations percutantes et m\u00e9morables.   <\/li>\n\n\n\n<li>Est-ce que le conf\u00e9rencier se disperse sur d&rsquo;autres sujets ? Expert en tout et finalement bon \u00e0 rien ? <\/li>\n<\/ul>\n\n<ul class=\"wp-block-list\">\n<li>Philippe a consacr\u00e9 sa vie \u00e0 l&rsquo;innovation et \u00e0 ce qui permet de la lib\u00e9rer, strat\u00e9gie, organisation, m\u00e9thodes, outils et prise de parole.<\/li>\n<\/ul>\n\n<p>Si vous voulez inviter Philippe \u00e0 intervenir, le point d\u2019entr\u00e9e le plus direct est <a href=\"https:\/\/philippeboulanger.com\/fr\/contact\/\">son formulaire de contact<\/a> avec choix du format (conf\u00e9rence, conf\u00e9rence personnalis\u00e9e, ma\u00eetre de c\u00e9r\u00e9monie, atelier, demande d\u2019info). Lui ou ses agents vous r\u00e9pondront avec la plus grande c\u00e9l\u00e9rit\u00e9. Lui ou ses agents vous r\u00e9pondront avec la plus grande c\u00e9l\u00e9rit\u00e9.<\/p>\n\n<p>Si vous voulez vous faire une id\u00e9e, n&rsquo;h\u00e9sitez pas <a href=\"https:\/\/calendly.com\/philippeboulanger\/invitez-philippe-a-vous-etonner\">\u00e0 demander \u00e0 Philippe une d\u00e9monstration<\/a> d&rsquo;exp\u00e9rimentation typique de ses interventions.\nCe seront 15 minutes tr\u00e8s bien investies <\/p>\n\n<h2 class=\"wp-block-heading\">Comment choisir un conf\u00e9rencier sur l&rsquo;intelligence artificielle ?<\/h2>\n\n<p>\u00c9videmment, avec le nombre d&rsquo;experts et conf\u00e9renciers auto-d\u00e9clar\u00e9s sur le sujet, comment extraire le grain de l&rsquo;ivraie ?<\/p>\n\n<p>Tout d\u00e9pend de vos objectifs.<\/p>\n\n<p>Si vous d\u00e9sirez une d\u00e9monstration d&rsquo;outils IA qui vont devenir obsol\u00e8tes quelques semaines plus tard, vous trouverez plein de candidats \u00e0 des co\u00fbts vraiment r\u00e9duits. Ce n&rsquo;est pas la peine de demander \u00e0 Philippe d&rsquo;intervenir sur ce point. <\/p>\n\n<p>Philippe, bien qu&rsquo;il ait commenc\u00e9 \u00e0 travailler sur le sujet en 1992, s&rsquo;int\u00e9resse davantage \u00e0 la mise en \u0153uvre strat\u00e9gique de l&rsquo;IA et aux technologies exponentielles du futur. Son <strong><em>syst\u00e8me Intelligence Innovationnelle\u00ae<\/em><\/strong> comble le foss\u00e9 entre l&rsquo;IA et les principes fondamentaux de l&rsquo;innovation, comme l&rsquo;illustrent ses conf\u00e9rences. <\/p>\n\n<p>Au-del\u00e0 d&rsquo;une conf\u00e9rence, Philippe peut vous accompagner sur les chemins tortueux de l&rsquo;adoption de l&rsquo;IA, pour une adoption de l&rsquo;IA r\u00e9ussie.<\/p>\n\n<h2 class=\"wp-block-heading\">Comment maximiser l&rsquo;impact (avant, pendant, apr\u00e8s)<\/h2>\n\n<p>Avant l&rsquo;\u00e9v\u00e9nement, l&rsquo;objectif est de susciter l&rsquo;int\u00e9r\u00eat pour y assister. Les recommandations promotionnelles mettent l&rsquo;accent sur des actions simples : publier une description d\u00e9taill\u00e9e de la session et du conf\u00e9rencier, utiliser des photos \u00ab en action \u00bb et alimenter vos m\u00e9dias num\u00e9riques avec des \u00e9l\u00e9ments qui rendent la pr\u00e9sentation tangible. <\/p>\n\n<p>Pendant l&rsquo;\u00e9v\u00e9nement, votre priorit\u00e9 est l&rsquo;exp\u00e9rience. Les discours de Philippe mettent en avant des exp\u00e9riences interactives con\u00e7ues pour susciter l&rsquo;enthousiasme et cr\u00e9er un langage commun autour des m\u00e9canismes de l&rsquo;innovation ou de l&rsquo;adoption de l&rsquo;IA. <\/p>\n\n<p>Apr\u00e8s l&rsquo;\u00e9v\u00e9nement, l&rsquo;impact d\u00e9pend de l&rsquo;ancrage. Philippe recommande de prolonger la s\u00e9quence avec du contenu post-\u00e9v\u00e9nementiel (ressources, extraits, rappels) afin de renforcer la m\u00e9morisation et l&rsquo;action.  De plus, des ateliers ou des \u00e9valuations peuvent aider les \u00e9quipes \u00e0 r\u00e9aliser des progr\u00e8s concrets.<\/p>\n\n<h2 class=\"wp-block-heading\">Comment faire la promotion de votre \u00e9v\u00e9nement ?<\/h2>\n\n<p>La promotion \u00e0 l&rsquo;aide d\u2019un conf\u00e9rencier comme Philippe Boulanger, vu c\u00f4t\u00e9 organisateur, ressemble surtout \u00e0 un parcours de r\u00e9assurance. Vous voulez \u00eatre s\u00fbr de trois choses : <\/p>\n\n<ul class=\"wp-block-list\">\n<li>que l\u2019intervenant colle \u00e0 votre audience,<\/li>\n\n\n\n<li>qu\u2019il tiendra la sc\u00e8ne (ou le live)<\/li>\n\n\n\n<li>et que la collaboration sera fluide.<\/li>\n<\/ul>\n\n<p>C\u2019est exactement pour \u00e7a que les bons conf\u00e9renciers et les speakers bureaus mettent en avant des \u00e9l\u00e9ments tr\u00e8s concrets : une page claire, une description de session r\u00e9utilisable sur votre site, des photos \u201cen action\u201d, et des extraits vid\u00e9o qui montrent le style, l\u2019\u00e9nergie et la capacit\u00e9 \u00e0 embarquer une salle.<\/p>\n\n<p>Ensuite, la promotion sert un objectif simple : augmenter l\u2019intention de venir. Les recommandations les plus r\u00e9p\u00e9t\u00e9es c\u00f4t\u00e9 agences sont pragmatiques : pr\u00e9senter le conf\u00e9rencier t\u00f4t sur vos supports, publier une description pr\u00e9cise de l\u2019intervention, et alimenter votre communication (emails, intranet, page \u00e9v\u00e9nement) avec des \u201cpreuves\u201d faciles \u00e0 consommer. <\/p>\n\n<p>Philippe Boulanger vous aide \u00e0 promouvoir votre \u00e9v\u00e9nement, g\u00e9n\u00e9ralement \u00e0 l&rsquo;aide d&rsquo;un teaser qui donne vraiment envie aux gens d&rsquo;y assister. <a href=\"https:\/\/philippeboulanger.com\/fr\/contact\/\" data-type=\"page\" data-id=\"12769\">N&rsquo;h\u00e9sitez pas \u00e0 lui demander <\/a>de vous pr\u00e9senter les diff\u00e9rents types de teasers qu&rsquo;il peut r\u00e9aliser pour vous. Il vous donnera l&rsquo;acc\u00e8s \u00e0 une page secr\u00e8te !<\/p>\n\n<h2 class=\"wp-block-heading\">Comment compl\u00e9ter une intervention sur l&rsquo;innovation\/l&rsquo;IA pour obtenir des r\u00e9sultats \u00ab concrets \u00bb ?<\/h2>\n\n<p>Si votre objectif est l&rsquo;adoption (et pas seulement l&rsquo;inspiration), le livre de Philippe \u00ab <strong><em>Innover ou agoniser, c&rsquo;est vous qui voyez &#8211; La r\u00e9v\u00e9lation de l&rsquo;Intelligence Innovationnelle\u00ae <\/em><\/strong>\u00bb propose une logique directement applicable dans le monde des affaires : clarifier le sens et la direction pour r\u00e9duire la confusion, traiter l&rsquo;adoption de l&rsquo;IA comme un sujet d&rsquo;innovation (alignement, culture, m\u00e9thode) et progresser gr\u00e2ce \u00e0 des exp\u00e9rimentations contr\u00f4l\u00e9es.<\/p>\n\n<p>Ce m\u00eame syst\u00e8me met \u00e9galement l&rsquo;accent sur un aspect souvent sous-estim\u00e9 dans les transformations : la s\u00e9curit\u00e9 psychologique. Lorsque les \u00e9quipes ne se sentent pas en s\u00e9curit\u00e9 pour tester, dire la v\u00e9rit\u00e9 ou signaler des signaux faibles, l&rsquo;innovation ralentit et l&rsquo;adoption stagne. <\/p>\n\n<p>Si vous souhaitez que la conf\u00e9rence serve de point de d\u00e9part \u00e0 une dynamique interne, le document d\u00e9crit \u00e9galement une mesure de perception (le <strong><em>quotient Intelligence Innovationnelle\u00ae<\/em><\/strong>) utilis\u00e9e comme point de d\u00e9part, puis comme suivi apr\u00e8s le plan d&rsquo;action, afin de passer du discours \u00e0 une gestion plus factuelle.<\/p>\n\n<p>Philippe peut vous aider dans la mise en \u0153uvre pratique de l&rsquo;innovation ou de l&rsquo;IA.<\/p>\n\n<p><\/p>\n","protected":false},"excerpt":{"rendered":"<p>Comment choisir un conf\u00e9rencier ? Commencez par la question que beaucoup d\u2019agences placent au centre : \u201cPourquoi votre audience vient-elle, et qu\u2019est-ce que vous voulez qu\u2019elle fasse\/retienne apr\u00e8s ?\u201d. Tant que ce point n\u2019est pas clair, vous risquez de choisir un nom plut\u00f4t qu\u2019un impact. Ensuite, validez l\u2019ad\u00e9quation avec des crit\u00e8res simples : exp\u00e9rience r\u00e9elle [&hellip;]<\/p>\n","protected":false},"author":1,"featured_media":0,"parent":0,"menu_order":0,"comment_status":"closed","ping_status":"closed","template":"","meta":{"_acf_changed":false,"footnotes":""},"class_list":["post-15165","page","type-page","status-publish","hentry"],"acf":[],"yoast_head":"<!-- This site is optimized with the Yoast SEO Premium plugin v27.5 (Yoast SEO v27.5) - https:\/\/yoast.com\/product\/yoast-seo-premium-wordpress\/ -->\n<title>COMMENT - Philippe Boulanger<\/title>\n<meta name=\"robots\" content=\"index, follow, max-snippet:-1, max-image-preview:large, max-video-preview:-1\" \/>\n<link rel=\"canonical\" href=\"https:\/\/philippeboulanger.com\/fr\/comment\/\" \/>\n<meta property=\"og:locale\" content=\"fr_FR\" \/>\n<meta property=\"og:type\" content=\"article\" \/>\n<meta property=\"og:title\" content=\"COMMENT\" \/>\n<meta property=\"og:description\" content=\"Comment choisir un conf\u00e9rencier ? Commencez par la question que beaucoup d\u2019agences placent au centre : \u201cPourquoi votre audience vient-elle, et qu\u2019est-ce que vous voulez qu\u2019elle fasse\/retienne apr\u00e8s ?\u201d. Tant que ce point n\u2019est pas clair, vous risquez de choisir un nom plut\u00f4t qu\u2019un impact. Ensuite, validez l\u2019ad\u00e9quation avec des crit\u00e8res simples : exp\u00e9rience r\u00e9elle [&hellip;]\" \/>\n<meta property=\"og:url\" content=\"https:\/\/philippeboulanger.com\/fr\/comment\/\" \/>\n<meta property=\"og:site_name\" content=\"Philippe Boulanger\" \/>\n<meta property=\"article:publisher\" content=\"https:\/\/www.facebook.com\/philippe.boulanger.official\" \/>\n<meta property=\"article:modified_time\" content=\"2026-02-09T19:06:26+00:00\" \/>\n<meta name=\"twitter:card\" content=\"summary_large_image\" \/>\n<meta name=\"twitter:site\" content=\"@Ph_Boulanger\" \/>\n<meta name=\"twitter:label1\" content=\"Dur\u00e9e de lecture estim\u00e9e\" \/>\n\t<meta name=\"twitter:data1\" content=\"8 minutes\" \/>\n<script type=\"application\/ld+json\" class=\"yoast-schema-graph\">{\"@context\":\"https:\\\/\\\/schema.org\",\"@graph\":[{\"@type\":\"WebPage\",\"@id\":\"https:\\\/\\\/philippeboulanger.com\\\/fr\\\/comment\\\/\",\"url\":\"https:\\\/\\\/philippeboulanger.com\\\/fr\\\/comment\\\/\",\"name\":\"COMMENT - Philippe Boulanger\",\"isPartOf\":{\"@id\":\"https:\\\/\\\/philippeboulanger.com\\\/fr\\\/#website\"},\"datePublished\":\"2026-01-07T22:32:27+00:00\",\"dateModified\":\"2026-02-09T19:06:26+00:00\",\"breadcrumb\":{\"@id\":\"https:\\\/\\\/philippeboulanger.com\\\/fr\\\/comment\\\/#breadcrumb\"},\"inLanguage\":\"fr-FR\",\"potentialAction\":[{\"@type\":\"ReadAction\",\"target\":[\"https:\\\/\\\/philippeboulanger.com\\\/fr\\\/comment\\\/\"]}]},{\"@type\":\"BreadcrumbList\",\"@id\":\"https:\\\/\\\/philippeboulanger.com\\\/fr\\\/comment\\\/#breadcrumb\",\"itemListElement\":[{\"@type\":\"ListItem\",\"position\":1,\"name\":\"Home\",\"item\":\"https:\\\/\\\/philippeboulanger.com\\\/fr\\\/\"},{\"@type\":\"ListItem\",\"position\":2,\"name\":\"COMMENT\"}]},{\"@type\":\"WebSite\",\"@id\":\"https:\\\/\\\/philippeboulanger.com\\\/fr\\\/#website\",\"url\":\"https:\\\/\\\/philippeboulanger.com\\\/fr\\\/\",\"name\":\"Philippe Boulanger\",\"description\":\"Global Keynote Speaker &amp; Advisor\",\"publisher\":{\"@id\":\"https:\\\/\\\/philippeboulanger.com\\\/fr\\\/#organization\"},\"potentialAction\":[{\"@type\":\"SearchAction\",\"target\":{\"@type\":\"EntryPoint\",\"urlTemplate\":\"https:\\\/\\\/philippeboulanger.com\\\/fr\\\/?s={search_term_string}\"},\"query-input\":{\"@type\":\"PropertyValueSpecification\",\"valueRequired\":true,\"valueName\":\"search_term_string\"}}],\"inLanguage\":\"fr-FR\"},{\"@type\":\"Organization\",\"@id\":\"https:\\\/\\\/philippeboulanger.com\\\/fr\\\/#organization\",\"name\":\"Philippe Boulanger - The Innovation Evangelist - Global Keynote Speaker\",\"url\":\"https:\\\/\\\/philippeboulanger.com\\\/fr\\\/\",\"logo\":{\"@type\":\"ImageObject\",\"inLanguage\":\"fr-FR\",\"@id\":\"https:\\\/\\\/philippeboulanger.com\\\/fr\\\/#\\\/schema\\\/logo\\\/image\\\/\",\"url\":\"https:\\\/\\\/philippeboulanger.com\\\/wp-content\\\/uploads\\\/2026\\\/01\\\/cropped-philippe-boulanger-favicon-2026.webp\",\"contentUrl\":\"https:\\\/\\\/philippeboulanger.com\\\/wp-content\\\/uploads\\\/2026\\\/01\\\/cropped-philippe-boulanger-favicon-2026.webp\",\"width\":512,\"height\":512,\"caption\":\"Philippe Boulanger - The Innovation Evangelist - Global Keynote Speaker\"},\"image\":{\"@id\":\"https:\\\/\\\/philippeboulanger.com\\\/fr\\\/#\\\/schema\\\/logo\\\/image\\\/\"},\"sameAs\":[\"https:\\\/\\\/www.facebook.com\\\/philippe.boulanger.official\",\"https:\\\/\\\/x.com\\\/Ph_Boulanger\",\"https:\\\/\\\/www.youtube.com\\\/@PhilippeBoulanger\",\"https:\\\/\\\/www.lespeakers.com\\\/conferencier\\\/philippe-boulanger\",\"https:\\\/\\\/www.adn-conferenciers.com\\\/conferenciers-philippe-boulanger\",\"https:\\\/\\\/www.wechamp-entreprise.co\\\/conferencier\\\/philippe-boulanger\\\/\",\"https:\\\/\\\/hyfen.fr\\\/intervenant\\\/philippe-boulanger\\\/\",\"https:\\\/\\\/okaydoc.fr\\\/philippe-boulanger-conferencier-innovation\\\/\",\"https:\\\/\\\/www.lesconferenciers.com\\\/conferencier\\\/philippe-boulanger\\\/\",\"https:\\\/\\\/simoneetnelson.com\\\/annuaire\\\/conferenciers\\\/philippe-boulanger\\\/\",\"https:\\\/\\\/myspeaker.fr\\\/conferenciers\\\/philippe-boulanger\\\/\",\"https:\\\/\\\/www.premium-communication.fr\\\/conferenciers\\\/ia-et-innovation\\\/boulanger\",\"https:\\\/\\\/www.vivavox.fr\\\/conferencier\\\/233\\\/\",\"https:\\\/\\\/www.a-speakers.fr\\\/conferencier\\\/philippe-boulanger\\\/\",\"https:\\\/\\\/www.espeakers.com\\\/marketplace\\\/profile\\\/41889\\\/philippe-boulanger\",\"https:\\\/\\\/www.dunod.com\\\/livres-philippe-boulanger-2\",\"https:\\\/\\\/www.amazon.fr\\\/stores\\\/Dr-Philippe-Boulanger\\\/author\\\/B0DD4CMFDX\",\"https:\\\/\\\/www.lecampus.online\\\/conferenciers\\\/philippe-boulanger\",\"https:\\\/\\\/www.startnplay.com\\\/personnalite\\\/conferencier\\\/phlippe-boulanger\\\/\"]}]}<\/script>\n<!-- \/ Yoast SEO Premium plugin. -->","yoast_head_json":{"title":"COMMENT - Philippe Boulanger","robots":{"index":"index","follow":"follow","max-snippet":"max-snippet:-1","max-image-preview":"max-image-preview:large","max-video-preview":"max-video-preview:-1"},"canonical":"https:\/\/philippeboulanger.com\/fr\/comment\/","og_locale":"fr_FR","og_type":"article","og_title":"COMMENT","og_description":"Comment choisir un conf\u00e9rencier ? Commencez par la question que beaucoup d\u2019agences placent au centre : \u201cPourquoi votre audience vient-elle, et qu\u2019est-ce que vous voulez qu\u2019elle fasse\/retienne apr\u00e8s ?\u201d. Tant que ce point n\u2019est pas clair, vous risquez de choisir un nom plut\u00f4t qu\u2019un impact. Ensuite, validez l\u2019ad\u00e9quation avec des crit\u00e8res simples : exp\u00e9rience r\u00e9elle [&hellip;]","og_url":"https:\/\/philippeboulanger.com\/fr\/comment\/","og_site_name":"Philippe Boulanger","article_publisher":"https:\/\/www.facebook.com\/philippe.boulanger.official","article_modified_time":"2026-02-09T19:06:26+00:00","twitter_card":"summary_large_image","twitter_site":"@Ph_Boulanger","twitter_misc":{"Dur\u00e9e de lecture estim\u00e9e":"8 minutes"},"schema":{"@context":"https:\/\/schema.org","@graph":[{"@type":"WebPage","@id":"https:\/\/philippeboulanger.com\/fr\/comment\/","url":"https:\/\/philippeboulanger.com\/fr\/comment\/","name":"COMMENT - Philippe Boulanger","isPartOf":{"@id":"https:\/\/philippeboulanger.com\/fr\/#website"},"datePublished":"2026-01-07T22:32:27+00:00","dateModified":"2026-02-09T19:06:26+00:00","breadcrumb":{"@id":"https:\/\/philippeboulanger.com\/fr\/comment\/#breadcrumb"},"inLanguage":"fr-FR","potentialAction":[{"@type":"ReadAction","target":["https:\/\/philippeboulanger.com\/fr\/comment\/"]}]},{"@type":"BreadcrumbList","@id":"https:\/\/philippeboulanger.com\/fr\/comment\/#breadcrumb","itemListElement":[{"@type":"ListItem","position":1,"name":"Home","item":"https:\/\/philippeboulanger.com\/fr\/"},{"@type":"ListItem","position":2,"name":"COMMENT"}]},{"@type":"WebSite","@id":"https:\/\/philippeboulanger.com\/fr\/#website","url":"https:\/\/philippeboulanger.com\/fr\/","name":"Philippe Boulanger","description":"Global Keynote Speaker &amp; Advisor","publisher":{"@id":"https:\/\/philippeboulanger.com\/fr\/#organization"},"potentialAction":[{"@type":"SearchAction","target":{"@type":"EntryPoint","urlTemplate":"https:\/\/philippeboulanger.com\/fr\/?s={search_term_string}"},"query-input":{"@type":"PropertyValueSpecification","valueRequired":true,"valueName":"search_term_string"}}],"inLanguage":"fr-FR"},{"@type":"Organization","@id":"https:\/\/philippeboulanger.com\/fr\/#organization","name":"Philippe Boulanger - The Innovation Evangelist - Global Keynote Speaker","url":"https:\/\/philippeboulanger.com\/fr\/","logo":{"@type":"ImageObject","inLanguage":"fr-FR","@id":"https:\/\/philippeboulanger.com\/fr\/#\/schema\/logo\/image\/","url":"https:\/\/philippeboulanger.com\/wp-content\/uploads\/2026\/01\/cropped-philippe-boulanger-favicon-2026.webp","contentUrl":"https:\/\/philippeboulanger.com\/wp-content\/uploads\/2026\/01\/cropped-philippe-boulanger-favicon-2026.webp","width":512,"height":512,"caption":"Philippe Boulanger - The Innovation Evangelist - Global Keynote Speaker"},"image":{"@id":"https:\/\/philippeboulanger.com\/fr\/#\/schema\/logo\/image\/"},"sameAs":["https:\/\/www.facebook.com\/philippe.boulanger.official","https:\/\/x.com\/Ph_Boulanger","https:\/\/www.youtube.com\/@PhilippeBoulanger","https:\/\/www.lespeakers.com\/conferencier\/philippe-boulanger","https:\/\/www.adn-conferenciers.com\/conferenciers-philippe-boulanger","https:\/\/www.wechamp-entreprise.co\/conferencier\/philippe-boulanger\/","https:\/\/hyfen.fr\/intervenant\/philippe-boulanger\/","https:\/\/okaydoc.fr\/philippe-boulanger-conferencier-innovation\/","https:\/\/www.lesconferenciers.com\/conferencier\/philippe-boulanger\/","https:\/\/simoneetnelson.com\/annuaire\/conferenciers\/philippe-boulanger\/","https:\/\/myspeaker.fr\/conferenciers\/philippe-boulanger\/","https:\/\/www.premium-communication.fr\/conferenciers\/ia-et-innovation\/boulanger","https:\/\/www.vivavox.fr\/conferencier\/233\/","https:\/\/www.a-speakers.fr\/conferencier\/philippe-boulanger\/","https:\/\/www.espeakers.com\/marketplace\/profile\/41889\/philippe-boulanger","https:\/\/www.dunod.com\/livres-philippe-boulanger-2","https:\/\/www.amazon.fr\/stores\/Dr-Philippe-Boulanger\/author\/B0DD4CMFDX","https:\/\/www.lecampus.online\/conferenciers\/philippe-boulanger","https:\/\/www.startnplay.com\/personnalite\/conferencier\/phlippe-boulanger\/"]}]}},"jetpack_sharing_enabled":true,"_links":{"self":[{"href":"https:\/\/philippeboulanger.com\/fr\/wp-json\/wp\/v2\/pages\/15165","targetHints":{"allow":["GET"]}}],"collection":[{"href":"https:\/\/philippeboulanger.com\/fr\/wp-json\/wp\/v2\/pages"}],"about":[{"href":"https:\/\/philippeboulanger.com\/fr\/wp-json\/wp\/v2\/types\/page"}],"author":[{"embeddable":true,"href":"https:\/\/philippeboulanger.com\/fr\/wp-json\/wp\/v2\/users\/1"}],"replies":[{"embeddable":true,"href":"https:\/\/philippeboulanger.com\/fr\/wp-json\/wp\/v2\/comments?post=15165"}],"version-history":[{"count":2,"href":"https:\/\/philippeboulanger.com\/fr\/wp-json\/wp\/v2\/pages\/15165\/revisions"}],"predecessor-version":[{"id":15170,"href":"https:\/\/philippeboulanger.com\/fr\/wp-json\/wp\/v2\/pages\/15165\/revisions\/15170"}],"wp:attachment":[{"href":"https:\/\/philippeboulanger.com\/fr\/wp-json\/wp\/v2\/media?parent=15165"}],"curies":[{"name":"wp","href":"https:\/\/api.w.org\/{rel}","templated":true}]}}