{"id":15320,"date":"2026-02-25T11:06:01","date_gmt":"2026-02-25T10:06:01","guid":{"rendered":"https:\/\/philippeboulanger.com\/?page_id=15320"},"modified":"2026-03-10T16:37:02","modified_gmt":"2026-03-10T15:37:02","slug":"inscription-evaluation-personnelle","status":"publish","type":"page","link":"https:\/\/philippeboulanger.com\/fr\/inscription-evaluation-personnelle\/","title":{"rendered":"Inscription pour l&rsquo;\u00e9valuation personnelle"},"content":{"rendered":"\t\t<div data-elementor-type=\"wp-page\" data-elementor-id=\"15320\" class=\"elementor elementor-15320 elementor-15319\" data-elementor-post-type=\"page\">\n\t\t\t\t<main class=\"elementor-element elementor-element-efd14a6 e-con-full e-flex e-con e-child\" data-id=\"efd14a6\" data-element_type=\"container\" data-e-type=\"container\" data-settings=\"{&quot;background_background&quot;:&quot;classic&quot;}\">\n\t\t<div class=\"elementor-element elementor-element-e30797d e-con-full e-flex e-con e-child\" data-id=\"e30797d\" data-element_type=\"container\" data-e-type=\"container\" data-settings=\"{&quot;background_background&quot;:&quot;classic&quot;}\">\n\t\t<div class=\"elementor-element elementor-element-a92c814 e-con-full e-flex e-con e-child\" data-id=\"a92c814\" data-element_type=\"container\" data-e-type=\"container\">\n\t\t<div class=\"elementor-element elementor-element-fed78d6 e-con-full e-flex e-con e-child\" data-id=\"fed78d6\" data-element_type=\"container\" data-e-type=\"container\">\n\t\t\t\t<div class=\"elementor-element elementor-element-406cca2 elementor-widget__width-inherit elementor-invisible elementor-widget elementor-widget-heading\" data-id=\"406cca2\" data-element_type=\"widget\" data-e-type=\"widget\" data-settings=\"{&quot;_animation&quot;:&quot;fadeInRight&quot;}\" data-widget_type=\"heading.default\">\n\t\t\t\t<div class=\"elementor-widget-container\">\n\t\t\t\t\t<h1 class=\"elementor-heading-title elementor-size-default\">D\u00c9COUVREZ VOTRE V\u00c9RITABLE POTENTIEL D'INNOVATION<\/h1>\t\t\t\t<\/div>\n\t\t\t\t<\/div>\n\t\t\t\t<div class=\"elementor-element elementor-element-f24b909 balance elementor-widget elementor-widget-heading\" data-id=\"f24b909\" data-element_type=\"widget\" data-e-type=\"widget\" data-widget_type=\"heading.default\">\n\t\t\t\t<div class=\"elementor-widget-container\">\n\t\t\t\t\t<h2 class=\"elementor-heading-title elementor-size-default\">La premi\u00e8re \u00e9tape vous lib\u00e9rer en vous l'Intelligence Innovationnelle<sup>\u00ae<\/sup>, avant m\u00eame de penser \u00e0 votre organisation.<\/h2>\t\t\t\t<\/div>\n\t\t\t\t<\/div>\n\t\t\t\t<div class=\"elementor-element elementor-element-e239f2a accent-checks balance elementor-widget elementor-widget-text-editor\" data-id=\"e239f2a\" data-element_type=\"widget\" data-e-type=\"widget\" data-settings=\"{&quot;motion_fx_motion_fx_scrolling&quot;:&quot;yes&quot;,&quot;motion_fx_opacity_effect&quot;:&quot;yes&quot;,&quot;motion_fx_opacity_range&quot;:{&quot;unit&quot;:&quot;%&quot;,&quot;size&quot;:&quot;&quot;,&quot;sizes&quot;:{&quot;start&quot;:5,&quot;end&quot;:25}},&quot;_animation_mobile&quot;:&quot;none&quot;,&quot;motion_fx_opacity_direction&quot;:&quot;out-in&quot;,&quot;motion_fx_opacity_level&quot;:{&quot;unit&quot;:&quot;px&quot;,&quot;size&quot;:10,&quot;sizes&quot;:[]},&quot;motion_fx_devices&quot;:[&quot;desktop&quot;,&quot;tablet&quot;,&quot;mobile&quot;]}\" data-widget_type=\"text-editor.default\">\n\t\t\t\t<div class=\"elementor-widget-container\">\n\t\t\t\t\t\t\t\t\t<p>ATTENTION, ceci est un programme pour les beta-testeurs de mes \u00e9valuations. Les beta-testeurs seront r\u00e9compens\u00e9s par un acc\u00e8s privil\u00e9gi\u00e9 et gratuit aux autres \u00e9valuations \u00e0 venir.<\/p><p>Remplissez le formulaire ci-dessous pour vous inscrire \u00e0 cette \u00e9valuation gratuite, vous recevrez les instructions par email :<\/p>\t\t\t\t\t\t\t\t<\/div>\n\t\t\t\t<\/div>\n\t\t\t\t<div class=\"elementor-element elementor-element-483bc71 elementor-widget__width-initial elementor-button-align-stretch elementor-widget elementor-widget-form\" data-id=\"483bc71\" data-element_type=\"widget\" data-e-type=\"widget\" data-settings=\"{&quot;step_next_label&quot;:&quot;Suivant&quot;,&quot;step_previous_label&quot;:&quot;Pr\\u00e9c\\u00e9dent&quot;,&quot;button_width&quot;:&quot;100&quot;,&quot;step_type&quot;:&quot;number_text&quot;,&quot;step_icon_shape&quot;:&quot;circle&quot;}\" data-widget_type=\"form.default\">\n\t\t\t\t<div class=\"elementor-widget-container\">\n\t\t\t\t\t\t\t<form class=\"elementor-form\" method=\"post\" id=\"contact_en\" name=\"Formulaire de contact\" aria-label=\"Formulaire de contact\">\n\t\t\t<input type=\"hidden\" name=\"post_id\" value=\"15320\"\/>\n\t\t\t<input type=\"hidden\" name=\"form_id\" value=\"483bc71\"\/>\n\t\t\t<input type=\"hidden\" name=\"referer_title\" value=\"Philippe Boulanger\" \/>\n\n\t\t\t\n\t\t\t<div class=\"elementor-form-fields-wrapper elementor-labels-above\">\n\t\t\t\t\t\t\t\t<div class=\"elementor-field-type-text elementor-field-group elementor-column elementor-field-group-first_name elementor-col-50 elementor-field-required elementor-mark-required\">\n\t\t\t\t\t\t\t\t\t\t\t\t<label for=\"form-field-first_name\" class=\"elementor-field-label\">\n\t\t\t\t\t\t\t\tPr\u00e9nom\t\t\t\t\t\t\t<\/label>\n\t\t\t\t\t\t\t\t\t\t\t\t\t\t<input size=\"1\" type=\"text\" name=\"form_fields[first_name]\" id=\"form-field-first_name\" class=\"elementor-field elementor-size-sm  elementor-field-textual\" required=\"required\">\n\t\t\t\t\t\t\t\t\t\t\t<\/div>\n\t\t\t\t\t\t\t\t<div class=\"elementor-field-type-text elementor-field-group elementor-column elementor-field-group-last_name elementor-col-50 elementor-field-required elementor-mark-required\">\n\t\t\t\t\t\t\t\t\t\t\t\t<label for=\"form-field-last_name\" class=\"elementor-field-label\">\n\t\t\t\t\t\t\t\tNom\t\t\t\t\t\t\t<\/label>\n\t\t\t\t\t\t\t\t\t\t\t\t\t\t<input size=\"1\" type=\"text\" name=\"form_fields[last_name]\" id=\"form-field-last_name\" class=\"elementor-field elementor-size-sm  elementor-field-textual\" required=\"required\">\n\t\t\t\t\t\t\t\t\t\t\t<\/div>\n\t\t\t\t\t\t\t\t<div class=\"elementor-field-type-email elementor-field-group elementor-column elementor-field-group-email elementor-col-100 elementor-field-required elementor-mark-required\">\n\t\t\t\t\t\t\t\t\t\t\t\t<label for=\"form-field-email\" class=\"elementor-field-label\">\n\t\t\t\t\t\t\t\tEmail\t\t\t\t\t\t\t<\/label>\n\t\t\t\t\t\t\t\t\t\t\t\t\t\t<input size=\"1\" type=\"email\" name=\"form_fields[email]\" id=\"form-field-email\" class=\"elementor-field elementor-size-sm  elementor-field-textual\" required=\"required\">\n\t\t\t\t\t\t\t\t\t\t\t<\/div>\n\t\t\t\t\t\t\t\t<div class=\"elementor-field-type-text\">\n\t\t\t\t\t<input size=\"1\" type=\"text\" name=\"form_fields[field_45feaa8]\" id=\"form-field-field_45feaa8\" class=\"elementor-field elementor-size-sm \" style=\"display:none !important;\">\t\t\t\t<\/div>\n\t\t\t\t\t\t\t\t<div class=\"elementor-field-group elementor-column elementor-field-type-submit elementor-col-100 e-form__buttons\">\n\t\t\t\t\t<button class=\"elementor-button elementor-size-sm elementor-animation-push\" type=\"submit\">\n\t\t\t\t\t\t<span class=\"elementor-button-content-wrapper\">\n\t\t\t\t\t\t\t\t\t\t\t\t\t\t\t\t\t\t\t\t\t\t<span class=\"elementor-button-text\">INSCRIVEZ-VOUS POUR D\u00e9COUVRIR VOTRE V\u00c9RITABLE POTENTIEL D'INNOVATION\u200b<\/span>\n\t\t\t\t\t\t\t\t\t\t\t\t\t<\/span>\n\t\t\t\t\t<\/button>\n\t\t\t\t<\/div>\n\t\t\t<\/div>\n\t\t<\/form>\n\t\t\t\t\t\t<\/div>\n\t\t\t\t<\/div>\n\t\t\t\t<\/div>\n\t\t\t\t<\/div>\n\t\t\t\t<\/div>\n\t\t\t\t<\/main>\n\t\t\t\t<\/div>\n\t\t","protected":false},"excerpt":{"rendered":"<p>D\u00c9COUVREZ VOTRE V\u00c9RITABLE POTENTIEL D&rsquo;INNOVATION La premi\u00e8re \u00e9tape vous lib\u00e9rer en vous l&rsquo;Intelligence Innovationnelle\u00ae, avant m\u00eame de penser \u00e0 votre organisation. ATTENTION, ceci est un programme pour les beta-testeurs de mes \u00e9valuations. Les beta-testeurs seront r\u00e9compens\u00e9s par un acc\u00e8s privil\u00e9gi\u00e9 et gratuit aux autres \u00e9valuations \u00e0 venir. Remplissez le formulaire ci-dessous pour vous inscrire \u00e0 [&hellip;]<\/p>\n","protected":false},"author":4,"featured_media":0,"parent":0,"menu_order":0,"comment_status":"closed","ping_status":"closed","template":"","meta":{"_acf_changed":false,"footnotes":""},"class_list":["post-15320","page","type-page","status-publish","hentry"],"acf":[],"yoast_head":"<!-- This site is optimized with the Yoast SEO Premium plugin v27.5 (Yoast SEO v27.5) - https:\/\/yoast.com\/product\/yoast-seo-premium-wordpress\/ -->\n<title>Inscription pour l&#039;\u00e9valuation personnelle - Philippe Boulanger<\/title>\n<meta name=\"robots\" content=\"index, follow, max-snippet:-1, max-image-preview:large, max-video-preview:-1\" \/>\n<link rel=\"canonical\" href=\"https:\/\/philippeboulanger.com\/fr\/inscription-evaluation-personnelle\/\" \/>\n<meta property=\"og:locale\" content=\"fr_FR\" \/>\n<meta property=\"og:type\" content=\"article\" \/>\n<meta property=\"og:title\" content=\"Inscription pour l&#039;\u00e9valuation personnelle\" \/>\n<meta property=\"og:description\" content=\"D\u00c9COUVREZ VOTRE V\u00c9RITABLE POTENTIEL D&rsquo;INNOVATION La premi\u00e8re \u00e9tape vous lib\u00e9rer en vous l&rsquo;Intelligence Innovationnelle\u00ae, avant m\u00eame de penser \u00e0 votre organisation. ATTENTION, ceci est un programme pour les beta-testeurs de mes \u00e9valuations. Les beta-testeurs seront r\u00e9compens\u00e9s par un acc\u00e8s privil\u00e9gi\u00e9 et gratuit aux autres \u00e9valuations \u00e0 venir. Remplissez le formulaire ci-dessous pour vous inscrire \u00e0 [&hellip;]\" \/>\n<meta property=\"og:url\" content=\"https:\/\/philippeboulanger.com\/fr\/inscription-evaluation-personnelle\/\" \/>\n<meta property=\"og:site_name\" content=\"Philippe Boulanger\" \/>\n<meta property=\"article:publisher\" content=\"https:\/\/www.facebook.com\/philippe.boulanger.official\" \/>\n<meta property=\"article:modified_time\" content=\"2026-03-10T15:37:02+00:00\" \/>\n<meta name=\"twitter:card\" content=\"summary_large_image\" \/>\n<meta name=\"twitter:site\" content=\"@Ph_Boulanger\" \/>\n<meta name=\"twitter:label1\" content=\"Dur\u00e9e de lecture estim\u00e9e\" \/>\n\t<meta name=\"twitter:data1\" content=\"1 minute\" \/>\n<script type=\"application\/ld+json\" class=\"yoast-schema-graph\">{\"@context\":\"https:\\\/\\\/schema.org\",\"@graph\":[{\"@type\":\"WebPage\",\"@id\":\"https:\\\/\\\/philippeboulanger.com\\\/fr\\\/inscription-evaluation-personnelle\\\/\",\"url\":\"https:\\\/\\\/philippeboulanger.com\\\/fr\\\/inscription-evaluation-personnelle\\\/\",\"name\":\"Inscription pour l'\u00e9valuation personnelle - Philippe Boulanger\",\"isPartOf\":{\"@id\":\"https:\\\/\\\/philippeboulanger.com\\\/fr\\\/#website\"},\"datePublished\":\"2026-02-25T10:06:01+00:00\",\"dateModified\":\"2026-03-10T15:37:02+00:00\",\"breadcrumb\":{\"@id\":\"https:\\\/\\\/philippeboulanger.com\\\/fr\\\/inscription-evaluation-personnelle\\\/#breadcrumb\"},\"inLanguage\":\"fr-FR\",\"potentialAction\":[{\"@type\":\"ReadAction\",\"target\":[\"https:\\\/\\\/philippeboulanger.com\\\/fr\\\/inscription-evaluation-personnelle\\\/\"]}]},{\"@type\":\"BreadcrumbList\",\"@id\":\"https:\\\/\\\/philippeboulanger.com\\\/fr\\\/inscription-evaluation-personnelle\\\/#breadcrumb\",\"itemListElement\":[{\"@type\":\"ListItem\",\"position\":1,\"name\":\"Home\",\"item\":\"https:\\\/\\\/philippeboulanger.com\\\/fr\\\/\"},{\"@type\":\"ListItem\",\"position\":2,\"name\":\"Inscription pour l&rsquo;\u00e9valuation personnelle\"}]},{\"@type\":\"WebSite\",\"@id\":\"https:\\\/\\\/philippeboulanger.com\\\/fr\\\/#website\",\"url\":\"https:\\\/\\\/philippeboulanger.com\\\/fr\\\/\",\"name\":\"Philippe Boulanger\",\"description\":\"Global Keynote Speaker &amp; Advisor\",\"publisher\":{\"@id\":\"https:\\\/\\\/philippeboulanger.com\\\/fr\\\/#organization\"},\"potentialAction\":[{\"@type\":\"SearchAction\",\"target\":{\"@type\":\"EntryPoint\",\"urlTemplate\":\"https:\\\/\\\/philippeboulanger.com\\\/fr\\\/?s={search_term_string}\"},\"query-input\":{\"@type\":\"PropertyValueSpecification\",\"valueRequired\":true,\"valueName\":\"search_term_string\"}}],\"inLanguage\":\"fr-FR\"},{\"@type\":\"Organization\",\"@id\":\"https:\\\/\\\/philippeboulanger.com\\\/fr\\\/#organization\",\"name\":\"Philippe Boulanger - The Innovation Evangelist - Global Keynote Speaker\",\"url\":\"https:\\\/\\\/philippeboulanger.com\\\/fr\\\/\",\"logo\":{\"@type\":\"ImageObject\",\"inLanguage\":\"fr-FR\",\"@id\":\"https:\\\/\\\/philippeboulanger.com\\\/fr\\\/#\\\/schema\\\/logo\\\/image\\\/\",\"url\":\"https:\\\/\\\/philippeboulanger.com\\\/wp-content\\\/uploads\\\/2026\\\/01\\\/cropped-philippe-boulanger-favicon-2026.webp\",\"contentUrl\":\"https:\\\/\\\/philippeboulanger.com\\\/wp-content\\\/uploads\\\/2026\\\/01\\\/cropped-philippe-boulanger-favicon-2026.webp\",\"width\":512,\"height\":512,\"caption\":\"Philippe Boulanger - The Innovation Evangelist - Global Keynote Speaker\"},\"image\":{\"@id\":\"https:\\\/\\\/philippeboulanger.com\\\/fr\\\/#\\\/schema\\\/logo\\\/image\\\/\"},\"sameAs\":[\"https:\\\/\\\/www.facebook.com\\\/philippe.boulanger.official\",\"https:\\\/\\\/x.com\\\/Ph_Boulanger\",\"https:\\\/\\\/www.youtube.com\\\/@PhilippeBoulanger\",\"https:\\\/\\\/www.lespeakers.com\\\/conferencier\\\/philippe-boulanger\",\"https:\\\/\\\/www.adn-conferenciers.com\\\/conferenciers-philippe-boulanger\",\"https:\\\/\\\/www.wechamp-entreprise.co\\\/conferencier\\\/philippe-boulanger\\\/\",\"https:\\\/\\\/hyfen.fr\\\/intervenant\\\/philippe-boulanger\\\/\",\"https:\\\/\\\/okaydoc.fr\\\/philippe-boulanger-conferencier-innovation\\\/\",\"https:\\\/\\\/www.lesconferenciers.com\\\/conferencier\\\/philippe-boulanger\\\/\",\"https:\\\/\\\/simoneetnelson.com\\\/annuaire\\\/conferenciers\\\/philippe-boulanger\\\/\",\"https:\\\/\\\/myspeaker.fr\\\/conferenciers\\\/philippe-boulanger\\\/\",\"https:\\\/\\\/www.premium-communication.fr\\\/conferenciers\\\/ia-et-innovation\\\/boulanger\",\"https:\\\/\\\/www.vivavox.fr\\\/conferencier\\\/233\\\/\",\"https:\\\/\\\/www.a-speakers.fr\\\/conferencier\\\/philippe-boulanger\\\/\",\"https:\\\/\\\/www.espeakers.com\\\/marketplace\\\/profile\\\/41889\\\/philippe-boulanger\",\"https:\\\/\\\/www.dunod.com\\\/livres-philippe-boulanger-2\",\"https:\\\/\\\/www.amazon.fr\\\/stores\\\/Dr-Philippe-Boulanger\\\/author\\\/B0DD4CMFDX\",\"https:\\\/\\\/www.lecampus.online\\\/conferenciers\\\/philippe-boulanger\",\"https:\\\/\\\/www.startnplay.com\\\/personnalite\\\/conferencier\\\/phlippe-boulanger\\\/\"]}]}<\/script>\n<!-- \/ Yoast SEO Premium plugin. -->","yoast_head_json":{"title":"Inscription pour l'\u00e9valuation personnelle - Philippe Boulanger","robots":{"index":"index","follow":"follow","max-snippet":"max-snippet:-1","max-image-preview":"max-image-preview:large","max-video-preview":"max-video-preview:-1"},"canonical":"https:\/\/philippeboulanger.com\/fr\/inscription-evaluation-personnelle\/","og_locale":"fr_FR","og_type":"article","og_title":"Inscription pour l'\u00e9valuation personnelle","og_description":"D\u00c9COUVREZ VOTRE V\u00c9RITABLE POTENTIEL D&rsquo;INNOVATION La premi\u00e8re \u00e9tape vous lib\u00e9rer en vous l&rsquo;Intelligence Innovationnelle\u00ae, avant m\u00eame de penser \u00e0 votre organisation. ATTENTION, ceci est un programme pour les beta-testeurs de mes \u00e9valuations. Les beta-testeurs seront r\u00e9compens\u00e9s par un acc\u00e8s privil\u00e9gi\u00e9 et gratuit aux autres \u00e9valuations \u00e0 venir. Remplissez le formulaire ci-dessous pour vous inscrire \u00e0 [&hellip;]","og_url":"https:\/\/philippeboulanger.com\/fr\/inscription-evaluation-personnelle\/","og_site_name":"Philippe Boulanger","article_publisher":"https:\/\/www.facebook.com\/philippe.boulanger.official","article_modified_time":"2026-03-10T15:37:02+00:00","twitter_card":"summary_large_image","twitter_site":"@Ph_Boulanger","twitter_misc":{"Dur\u00e9e de lecture estim\u00e9e":"1 minute"},"schema":{"@context":"https:\/\/schema.org","@graph":[{"@type":"WebPage","@id":"https:\/\/philippeboulanger.com\/fr\/inscription-evaluation-personnelle\/","url":"https:\/\/philippeboulanger.com\/fr\/inscription-evaluation-personnelle\/","name":"Inscription pour l'\u00e9valuation personnelle - Philippe Boulanger","isPartOf":{"@id":"https:\/\/philippeboulanger.com\/fr\/#website"},"datePublished":"2026-02-25T10:06:01+00:00","dateModified":"2026-03-10T15:37:02+00:00","breadcrumb":{"@id":"https:\/\/philippeboulanger.com\/fr\/inscription-evaluation-personnelle\/#breadcrumb"},"inLanguage":"fr-FR","potentialAction":[{"@type":"ReadAction","target":["https:\/\/philippeboulanger.com\/fr\/inscription-evaluation-personnelle\/"]}]},{"@type":"BreadcrumbList","@id":"https:\/\/philippeboulanger.com\/fr\/inscription-evaluation-personnelle\/#breadcrumb","itemListElement":[{"@type":"ListItem","position":1,"name":"Home","item":"https:\/\/philippeboulanger.com\/fr\/"},{"@type":"ListItem","position":2,"name":"Inscription pour l&rsquo;\u00e9valuation personnelle"}]},{"@type":"WebSite","@id":"https:\/\/philippeboulanger.com\/fr\/#website","url":"https:\/\/philippeboulanger.com\/fr\/","name":"Philippe Boulanger","description":"Global Keynote Speaker &amp; Advisor","publisher":{"@id":"https:\/\/philippeboulanger.com\/fr\/#organization"},"potentialAction":[{"@type":"SearchAction","target":{"@type":"EntryPoint","urlTemplate":"https:\/\/philippeboulanger.com\/fr\/?s={search_term_string}"},"query-input":{"@type":"PropertyValueSpecification","valueRequired":true,"valueName":"search_term_string"}}],"inLanguage":"fr-FR"},{"@type":"Organization","@id":"https:\/\/philippeboulanger.com\/fr\/#organization","name":"Philippe Boulanger - The Innovation Evangelist - Global Keynote Speaker","url":"https:\/\/philippeboulanger.com\/fr\/","logo":{"@type":"ImageObject","inLanguage":"fr-FR","@id":"https:\/\/philippeboulanger.com\/fr\/#\/schema\/logo\/image\/","url":"https:\/\/philippeboulanger.com\/wp-content\/uploads\/2026\/01\/cropped-philippe-boulanger-favicon-2026.webp","contentUrl":"https:\/\/philippeboulanger.com\/wp-content\/uploads\/2026\/01\/cropped-philippe-boulanger-favicon-2026.webp","width":512,"height":512,"caption":"Philippe Boulanger - The Innovation Evangelist - Global Keynote Speaker"},"image":{"@id":"https:\/\/philippeboulanger.com\/fr\/#\/schema\/logo\/image\/"},"sameAs":["https:\/\/www.facebook.com\/philippe.boulanger.official","https:\/\/x.com\/Ph_Boulanger","https:\/\/www.youtube.com\/@PhilippeBoulanger","https:\/\/www.lespeakers.com\/conferencier\/philippe-boulanger","https:\/\/www.adn-conferenciers.com\/conferenciers-philippe-boulanger","https:\/\/www.wechamp-entreprise.co\/conferencier\/philippe-boulanger\/","https:\/\/hyfen.fr\/intervenant\/philippe-boulanger\/","https:\/\/okaydoc.fr\/philippe-boulanger-conferencier-innovation\/","https:\/\/www.lesconferenciers.com\/conferencier\/philippe-boulanger\/","https:\/\/simoneetnelson.com\/annuaire\/conferenciers\/philippe-boulanger\/","https:\/\/myspeaker.fr\/conferenciers\/philippe-boulanger\/","https:\/\/www.premium-communication.fr\/conferenciers\/ia-et-innovation\/boulanger","https:\/\/www.vivavox.fr\/conferencier\/233\/","https:\/\/www.a-speakers.fr\/conferencier\/philippe-boulanger\/","https:\/\/www.espeakers.com\/marketplace\/profile\/41889\/philippe-boulanger","https:\/\/www.dunod.com\/livres-philippe-boulanger-2","https:\/\/www.amazon.fr\/stores\/Dr-Philippe-Boulanger\/author\/B0DD4CMFDX","https:\/\/www.lecampus.online\/conferenciers\/philippe-boulanger","https:\/\/www.startnplay.com\/personnalite\/conferencier\/phlippe-boulanger\/"]}]}},"jetpack_sharing_enabled":true,"_links":{"self":[{"href":"https:\/\/philippeboulanger.com\/fr\/wp-json\/wp\/v2\/pages\/15320","targetHints":{"allow":["GET"]}}],"collection":[{"href":"https:\/\/philippeboulanger.com\/fr\/wp-json\/wp\/v2\/pages"}],"about":[{"href":"https:\/\/philippeboulanger.com\/fr\/wp-json\/wp\/v2\/types\/page"}],"author":[{"embeddable":true,"href":"https:\/\/philippeboulanger.com\/fr\/wp-json\/wp\/v2\/users\/4"}],"replies":[{"embeddable":true,"href":"https:\/\/philippeboulanger.com\/fr\/wp-json\/wp\/v2\/comments?post=15320"}],"version-history":[{"count":11,"href":"https:\/\/philippeboulanger.com\/fr\/wp-json\/wp\/v2\/pages\/15320\/revisions"}],"predecessor-version":[{"id":15606,"href":"https:\/\/philippeboulanger.com\/fr\/wp-json\/wp\/v2\/pages\/15320\/revisions\/15606"}],"wp:attachment":[{"href":"https:\/\/philippeboulanger.com\/fr\/wp-json\/wp\/v2\/media?parent=15320"}],"curies":[{"name":"wp","href":"https:\/\/api.w.org\/{rel}","templated":true}]}}